{"id":102,"date":"2024-01-02T18:56:00","date_gmt":"2024-01-02T17:56:00","guid":{"rendered":"https:\/\/www.burostrafwerk.nl\/?page_id=102"},"modified":"2024-01-02T19:09:47","modified_gmt":"2024-01-02T18:09:47","slug":"algemene-voorwaarden","status":"publish","type":"page","link":"https:\/\/www.burostrafwerk.nl\/?page_id=102","title":{"rendered":"Algemene voorwaarden"},"content":{"rendered":"\n<h2 class=\"wp-block-heading\">Algemene voorwaarden Buro Straf Werk voor administratieve &amp; financi\u00eble dienstverlening<\/h2>\n\n\n\n<ol class=\"wp-block-list\">\n<li><strong>Geldigheid<\/strong><br>Van elke mondelinge of schriftelijke overeenkomst waarin Buro Straf Werk optreedt als opdrachtnemer maken deze algemene voorwaarden deel uit.<\/li>\n<\/ol>\n\n\n\n<ol class=\"wp-block-list\" start=\"2\">\n<li><strong>Grondslag van de dienstverlening<\/strong><br>Bij haar dienstverlening gaat Buro Straf Werk uit van de verkregen informatie. Volledigheid en juistheid ervan werken rechtstreeks door in de kwaliteit van de diensten.<\/li>\n<\/ol>\n\n\n\n<ol class=\"wp-block-list\" start=\"3\">\n<li><strong>Inspanningsverplichting<\/strong><br>Buro Straf Werk verplicht zich tot dienstverlening met optimale kwaliteit maar aanvaardt geen aansprakelijkheid voor eventuele schade die voortvloeit uit de implementatie van haar diensten.<\/li>\n<\/ol>\n\n\n\n<ol class=\"wp-block-list\" start=\"4\">\n<li><strong>Geheimhouding<\/strong><br>Buro Straf Werk zal alle op de opdrachtgever te herleiden informatie die haar in het kader van de opdracht ter kennis is gekomen op een zodanige wijze behandelen dat deze slechts met uitdrukkelijke toestemming van de opdrachtgever aan derden bekend zal worden.<\/li>\n<\/ol>\n\n\n\n<ol class=\"wp-block-list\" start=\"5\">\n<li><strong>Werk door derden<\/strong><br>Voorzover de uitvoering van de opdracht dit vereist heeft Buro Straf Werk het recht bepaalde activiteiten door derden te laten verrichten. De opdrachtgever zal daarover vooraf in kennis worden gesteld.<\/li>\n<\/ol>\n\n\n\n<ol class=\"wp-block-list\" start=\"6\">\n<li><strong>BTW<\/strong><br>Op al haar verleende diensten wordt 21% BTW in rekening gebracht.<\/li>\n<\/ol>\n\n\n\n<ol class=\"wp-block-list\" start=\"7\">\n<li><strong>Annuleringsregeling<\/strong><br>De overeenkomst kan op elk moment door \u00e9\u00e9n der partijen worden be\u00ebindigd. De opdrachtgever is in dat geval slechts verplicht tot betaling van de daadwerkelijk ontvangen diensten en\/of het door opdrachtnemer reeds verrichte voorwerk.<\/li>\n<\/ol>\n\n\n\n<ol class=\"wp-block-list\" start=\"8\">\n<li><strong>Facturering<\/strong><br>Verleende diensten worden gefactureerd met een betalingstermijn van 14 dagen. Na overschrijding daarvan volgt een eenmalige herinnering. Blijft de opdrachtgever in gebreke dan heeft Buro Straf Werk het recht de meerkosten van incasso eveneens in rekening te brengen.<\/li>\n<\/ol>\n\n\n\n<ol class=\"wp-block-list\" start=\"9\">\n<li><strong>Klachtenregeling<\/strong><br>Mocht u klachten hebben over onze dienstverlening, dan gaan we er van uit dat u deze allereerst met ons bespreekt. Bent u over de uitkomst van deze klachtbehandeling niet tevreden dan wijzen wij in overleg met u een onafhankelijk derde aan die uw klacht onderzoekt en daarover een voor ons bindend advies uitbrengt, in afschrift aan u. De kosten van de klachtenbehandeling zijn voor rekening van Buro Straf Werk.<\/li>\n<\/ol>\n\n\n\n<p><strong>Buro Straf Werk<\/strong><br>KvK: 3014 2169<br>Nicolet Groot<br>Ruysdaellaan 41<br>3712 AP Huis ter Heide<br>M: 06 421 39 546<\/p>\n","protected":false},"excerpt":{"rendered":"<p>Algemene voorwaarden Buro Straf Werk voor administratieve &amp; financi\u00eble dienstverlening Buro Straf WerkKvK: 3014 2169Nicolet GrootRuysdaellaan 413712 AP Huis ter HeideM: 06 421 39 546<\/p>\n","protected":false},"author":1,"featured_media":0,"parent":0,"menu_order":0,"comment_status":"closed","ping_status":"closed","template":"","meta":{"footnotes":""},"class_list":["post-102","page","type-page","status-publish","hentry"],"yoast_head":"<!-- This site is optimized with the Yoast SEO plugin v26.6 - https:\/\/yoast.com\/wordpress\/plugins\/seo\/ -->\n<title>Algemene voorwaarden - Buro Straf Werk<\/title>\n<meta name=\"robots\" content=\"index, follow, max-snippet:-1, max-image-preview:large, max-video-preview:-1\" \/>\n<link rel=\"canonical\" href=\"https:\/\/www.burostrafwerk.nl\/?page_id=102\" \/>\n<meta property=\"og:locale\" content=\"en_US\" \/>\n<meta property=\"og:type\" content=\"article\" \/>\n<meta property=\"og:title\" content=\"Algemene voorwaarden - Buro Straf Werk\" \/>\n<meta property=\"og:description\" content=\"Algemene voorwaarden Buro Straf Werk voor administratieve &amp; financi\u00eble dienstverlening Buro Straf WerkKvK: 3014 2169Nicolet GrootRuysdaellaan 413712 AP Huis ter HeideM: 06 421 39 546\" \/>\n<meta property=\"og:url\" content=\"https:\/\/www.burostrafwerk.nl\/?page_id=102\" \/>\n<meta property=\"og:site_name\" content=\"Buro Straf Werk\" \/>\n<meta property=\"article:modified_time\" content=\"2024-01-02T18:09:47+00:00\" \/>\n<meta name=\"twitter:card\" content=\"summary_large_image\" \/>\n<meta name=\"twitter:label1\" content=\"Est. reading time\" \/>\n\t<meta name=\"twitter:data1\" content=\"2 minutes\" \/>\n<script type=\"application\/ld+json\" class=\"yoast-schema-graph\">{\"@context\":\"https:\/\/schema.org\",\"@graph\":[{\"@type\":\"WebPage\",\"@id\":\"https:\/\/www.burostrafwerk.nl\/?page_id=102\",\"url\":\"https:\/\/www.burostrafwerk.nl\/?page_id=102\",\"name\":\"Algemene voorwaarden - Buro Straf Werk\",\"isPartOf\":{\"@id\":\"https:\/\/www.burostrafwerk.nl\/#website\"},\"datePublished\":\"2024-01-02T17:56:00+00:00\",\"dateModified\":\"2024-01-02T18:09:47+00:00\",\"breadcrumb\":{\"@id\":\"https:\/\/www.burostrafwerk.nl\/?page_id=102#breadcrumb\"},\"inLanguage\":\"en-US\",\"potentialAction\":[{\"@type\":\"ReadAction\",\"target\":[\"https:\/\/www.burostrafwerk.nl\/?page_id=102\"]}]},{\"@type\":\"BreadcrumbList\",\"@id\":\"https:\/\/www.burostrafwerk.nl\/?page_id=102#breadcrumb\",\"itemListElement\":[{\"@type\":\"ListItem\",\"position\":1,\"name\":\"Home\",\"item\":\"https:\/\/www.burostrafwerk.nl\/\"},{\"@type\":\"ListItem\",\"position\":2,\"name\":\"Algemene voorwaarden\"}]},{\"@type\":\"WebSite\",\"@id\":\"https:\/\/www.burostrafwerk.nl\/#website\",\"url\":\"https:\/\/www.burostrafwerk.nl\/\",\"name\":\"Buro Straf Werk\",\"description\":\"Overzicht in je financi\u00ebn .... en spelen\",\"publisher\":{\"@id\":\"https:\/\/www.burostrafwerk.nl\/#organization\"},\"potentialAction\":[{\"@type\":\"SearchAction\",\"target\":{\"@type\":\"EntryPoint\",\"urlTemplate\":\"https:\/\/www.burostrafwerk.nl\/?s={search_term_string}\"},\"query-input\":{\"@type\":\"PropertyValueSpecification\",\"valueRequired\":true,\"valueName\":\"search_term_string\"}}],\"inLanguage\":\"en-US\"},{\"@type\":\"Organization\",\"@id\":\"https:\/\/www.burostrafwerk.nl\/#organization\",\"name\":\"Buro Straf Werk\",\"url\":\"https:\/\/www.burostrafwerk.nl\/\",\"logo\":{\"@type\":\"ImageObject\",\"inLanguage\":\"en-US\",\"@id\":\"https:\/\/www.burostrafwerk.nl\/#\/schema\/logo\/image\/\",\"url\":\"https:\/\/www.burostrafwerk.nl\/wp-content\/uploads\/2024\/01\/Logo-Buro-Straf-Werk-1024x235-1.png\",\"contentUrl\":\"https:\/\/www.burostrafwerk.nl\/wp-content\/uploads\/2024\/01\/Logo-Buro-Straf-Werk-1024x235-1.png\",\"width\":1024,\"height\":235,\"caption\":\"Buro Straf Werk\"},\"image\":{\"@id\":\"https:\/\/www.burostrafwerk.nl\/#\/schema\/logo\/image\/\"}}]}<\/script>\n<!-- \/ Yoast SEO plugin. -->","yoast_head_json":{"title":"Algemene voorwaarden - Buro Straf Werk","robots":{"index":"index","follow":"follow","max-snippet":"max-snippet:-1","max-image-preview":"max-image-preview:large","max-video-preview":"max-video-preview:-1"},"canonical":"https:\/\/www.burostrafwerk.nl\/?page_id=102","og_locale":"en_US","og_type":"article","og_title":"Algemene voorwaarden - Buro Straf Werk","og_description":"Algemene voorwaarden Buro Straf Werk voor administratieve &amp; financi\u00eble dienstverlening Buro Straf WerkKvK: 3014 2169Nicolet GrootRuysdaellaan 413712 AP Huis ter HeideM: 06 421 39 546","og_url":"https:\/\/www.burostrafwerk.nl\/?page_id=102","og_site_name":"Buro Straf Werk","article_modified_time":"2024-01-02T18:09:47+00:00","twitter_card":"summary_large_image","twitter_misc":{"Est. reading time":"2 minutes"},"schema":{"@context":"https:\/\/schema.org","@graph":[{"@type":"WebPage","@id":"https:\/\/www.burostrafwerk.nl\/?page_id=102","url":"https:\/\/www.burostrafwerk.nl\/?page_id=102","name":"Algemene voorwaarden - Buro Straf Werk","isPartOf":{"@id":"https:\/\/www.burostrafwerk.nl\/#website"},"datePublished":"2024-01-02T17:56:00+00:00","dateModified":"2024-01-02T18:09:47+00:00","breadcrumb":{"@id":"https:\/\/www.burostrafwerk.nl\/?page_id=102#breadcrumb"},"inLanguage":"en-US","potentialAction":[{"@type":"ReadAction","target":["https:\/\/www.burostrafwerk.nl\/?page_id=102"]}]},{"@type":"BreadcrumbList","@id":"https:\/\/www.burostrafwerk.nl\/?page_id=102#breadcrumb","itemListElement":[{"@type":"ListItem","position":1,"name":"Home","item":"https:\/\/www.burostrafwerk.nl\/"},{"@type":"ListItem","position":2,"name":"Algemene voorwaarden"}]},{"@type":"WebSite","@id":"https:\/\/www.burostrafwerk.nl\/#website","url":"https:\/\/www.burostrafwerk.nl\/","name":"Buro Straf Werk","description":"Overzicht in je financi\u00ebn .... en spelen","publisher":{"@id":"https:\/\/www.burostrafwerk.nl\/#organization"},"potentialAction":[{"@type":"SearchAction","target":{"@type":"EntryPoint","urlTemplate":"https:\/\/www.burostrafwerk.nl\/?s={search_term_string}"},"query-input":{"@type":"PropertyValueSpecification","valueRequired":true,"valueName":"search_term_string"}}],"inLanguage":"en-US"},{"@type":"Organization","@id":"https:\/\/www.burostrafwerk.nl\/#organization","name":"Buro Straf Werk","url":"https:\/\/www.burostrafwerk.nl\/","logo":{"@type":"ImageObject","inLanguage":"en-US","@id":"https:\/\/www.burostrafwerk.nl\/#\/schema\/logo\/image\/","url":"https:\/\/www.burostrafwerk.nl\/wp-content\/uploads\/2024\/01\/Logo-Buro-Straf-Werk-1024x235-1.png","contentUrl":"https:\/\/www.burostrafwerk.nl\/wp-content\/uploads\/2024\/01\/Logo-Buro-Straf-Werk-1024x235-1.png","width":1024,"height":235,"caption":"Buro Straf Werk"},"image":{"@id":"https:\/\/www.burostrafwerk.nl\/#\/schema\/logo\/image\/"}}]}},"_links":{"self":[{"href":"https:\/\/www.burostrafwerk.nl\/index.php?rest_route=\/wp\/v2\/pages\/102","targetHints":{"allow":["GET"]}}],"collection":[{"href":"https:\/\/www.burostrafwerk.nl\/index.php?rest_route=\/wp\/v2\/pages"}],"about":[{"href":"https:\/\/www.burostrafwerk.nl\/index.php?rest_route=\/wp\/v2\/types\/page"}],"author":[{"embeddable":true,"href":"https:\/\/www.burostrafwerk.nl\/index.php?rest_route=\/wp\/v2\/users\/1"}],"replies":[{"embeddable":true,"href":"https:\/\/www.burostrafwerk.nl\/index.php?rest_route=%2Fwp%2Fv2%2Fcomments&post=102"}],"version-history":[{"count":2,"href":"https:\/\/www.burostrafwerk.nl\/index.php?rest_route=\/wp\/v2\/pages\/102\/revisions"}],"predecessor-version":[{"id":107,"href":"https:\/\/www.burostrafwerk.nl\/index.php?rest_route=\/wp\/v2\/pages\/102\/revisions\/107"}],"wp:attachment":[{"href":"https:\/\/www.burostrafwerk.nl\/index.php?rest_route=%2Fwp%2Fv2%2Fmedia&parent=102"}],"curies":[{"name":"wp","href":"https:\/\/api.w.org\/{rel}","templated":true}]}}