{"id":47,"date":"2024-01-01T19:24:24","date_gmt":"2024-01-01T18:24:24","guid":{"rendered":"https:\/\/www.burostrafwerk.nl\/?page_id=47"},"modified":"2025-08-07T15:26:31","modified_gmt":"2025-08-07T13:26:31","slug":"welkom","status":"publish","type":"page","link":"https:\/\/www.burostrafwerk.nl\/","title":{"rendered":"Welkom"},"content":{"rendered":"\n<h2  id=\"welkom\">\n\t\t\tWelkom bij Buro Straf Werk\t<\/h2>\n\t<h2>Wat is Buro Straf Werk?<\/h2>\nBuro Straf Werk is een kleinschalig administratie- en boekhoudkantoor geschikt voor hulp en ondersteuning bij de administratie en financi\u00ebn in kleine bedrijven.<br \/>\nHet bijhouden van de financi\u00ebn wordt door velen als een lastige taak &#8211; als strafwerk &#8211; ervaren. Organiseren en bijhouden van de administratie en overzicht hebben in de financi\u00ebn is juist mijn deskundigheid.<br \/>\nFlexibel, op maat en in samenwerking. Wie doet wat, waar is ondersteuning nodig, wat doe je liever zelf. Ik geef je tips en denk met je mee of neem (een deel van) het praktische werk over.\n<p><strong>Laten we samen werken.<\/strong><\/p>\n<h2  id=\"aanbod\">\n\t\t\tAanbod\t<\/h2>\n\t<ul>\n<li>De administratie verwerken in eigen (overzichtelijke) systemen of daarvoor aanwezige computerprogramma&#8217;s<\/li>\n<li>Archiveren van papierwerk en bestanden<\/li>\n<li>Up to date houden van een webshop<\/li>\n<li>Verzorgen van reclame, mailings en cursusadministraties<\/li>\n<\/ul>\n<h3>Financieel:<\/h3>\n<ul>\n<li>Opzetten van een passend (boekhoud)systeem van bijhouden van de financi\u00ebn<\/li>\n<li>Rekeningen maken<\/li>\n<li>Betalingen in de gaten houden<\/li>\n<li>Bijhouden van de boekhouding, kas en bank, debiteuren- en crediteurenbeheer<\/li>\n<li>BTW-aangiftes doen<\/li>\n<li>Maken van financi\u00eble overzichten, rapportages, begrotingen en jaarrekeningen.<\/li>\n<\/ul>\n<h2  id=\"buro\">\n\t\t\tOver Buro Straf Werk\t<\/h2>\n\t<h2>Buro<\/h2>\n<p>Ik, Nicolet Groot, ben opgeleid in het welzijnswerk van de jaren 70 en heb een praktijkdiploma boekhouden en inmiddels veel praktische kennis van- en ervaring met financi\u00ebn. In mijn werk sta ik met \u00e9\u00e9n been in de boekhouding en met de andere been dicht bij de mensen. Ik sta stevig op beide benen.<\/p>\n<h2>Straf<\/h2>\n<p>Vanuit de betekenis van STEVIG &#8211; GEDEGEN &#8211; SOLIDE overzicht bewaren, duidelijkheid scheppen. Soms stug doorgaan, soms een andere insteek kiezen en degelijk: wat ik beloof dat ga ik doen.<\/p>\n<h2>Werk<\/h2>\n<p>Meer dan 25 jaar praktijkervaring met de financi\u00ebn bij allerlei bedrijven: grote organisaties en eenmanszaken, profit en non-profit, stichtingen, verenigingen, in winkels, ziekenhuizen, bij project-evaluaties, groothandels, in de zorg (o.a. PGB&#8217;s) etc.<\/p>\n\t\t\t\t<img decoding=\"async\" src=\"https:\/\/www.burostrafwerk.nl\/wp-content\/uploads\/2025\/06\/Q5A9034_cartoon-vierkant.jpg\" alt=\"_Q5A9034_cartoon-vierkant\" itemprop=\"image\" height=\"910\" width=\"910\" title=\"_Q5A9034_cartoon-vierkant\" onerror=\"this.style.display='none'\" loading=\"lazy\" \/>\n<h2  id=\"tarieven\">\n\t\t\tTarieven 2025\t<\/h2>\n\t<p>De tarieven van Buro Straf Werk zijn afhankelijk van de inhoud en de hoeveelheid werk. Tarieven vari\u00ebren van \u20ac 40 tot \u20ac 65 per uur. De prijzen zijn exclusief BTW.<\/p>\n<p>Vraag vrijblijvend offerte op.<\/p>\n\t\t\t\t<img decoding=\"async\" src=\"https:\/\/www.burostrafwerk.nl\/wp-content\/uploads\/2024\/01\/euro_puzzle_piece_1600_clr_13001-1-1024x768.png\" alt=\"euro_puzzle_piece_1600_clr_13001 (1)\" itemprop=\"image\" height=\"768\" width=\"1024\" title=\"euro_puzzle_piece_1600_clr_13001 (1)\" onerror=\"this.style.display='none'\" loading=\"lazy\" \/>\n<h2  id=\"contact\">\n\t\t\tContact\t<\/h2>\n\t<h2>Contact met Buro Straf Werk<\/h2>\n<p>Neem vrijblijvend contact op voor meer informatie of een afspraak voor een kennismakingsgesprek.<\/p>\n<p><strong>Telefoon<\/strong>: Neem contact op met Nicolet Groot via 06-42139546<\/p>\n<p><strong>E-mail<\/strong>: Stuur een mail naar <a href=\"mailto:info@burostrafwerk.nl\">info@burostrafwerk.nl<\/a><\/p>\n<p><strong>Plaats:<\/strong> Huis ter Heide (Utrecht)<\/p>\n<p><strong>KvK:<\/strong> 3014 2169<\/p>\n\t\t\t\t<img decoding=\"async\" src=\"https:\/\/www.burostrafwerk.nl\/wp-content\/uploads\/2024\/01\/classic_phone_1600_clr_12355-169x300.png\" alt=\"classic_phone_1600_clr_12355\" itemprop=\"image\" height=\"300\" width=\"169\" title=\"classic_phone_1600_clr_12355\" onerror=\"this.style.display='none'\" loading=\"lazy\" \/>\n\n","protected":false},"excerpt":{"rendered":"<p>Welkom bij Buro Straf Werk Wat is Buro Straf Werk? Buro Straf Werk is een kleinschalig administratie- en boekhoudkantoor geschikt voor hulp en ondersteuning bij de administratie en financi\u00ebn in kleine bedrijven. Het bijhouden van de financi\u00ebn wordt door velen als een lastige taak &#8211; als strafwerk &#8211; ervaren. Organiseren en bijhouden van de administratie&hellip;<\/p>\n","protected":false},"author":1,"featured_media":0,"parent":0,"menu_order":0,"comment_status":"closed","ping_status":"closed","template":"","meta":{"footnotes":""},"class_list":["post-47","page","type-page","status-publish","hentry"],"yoast_head":"<!-- This site is optimized with the Yoast SEO plugin v26.6 - https:\/\/yoast.com\/wordpress\/plugins\/seo\/ -->\n<title>Welkom - Buro Straf Werk<\/title>\n<meta name=\"robots\" content=\"index, follow, max-snippet:-1, max-image-preview:large, max-video-preview:-1\" \/>\n<link rel=\"canonical\" href=\"https:\/\/www.burostrafwerk.nl\/\" \/>\n<meta property=\"og:locale\" content=\"en_US\" \/>\n<meta property=\"og:type\" content=\"article\" \/>\n<meta property=\"og:title\" content=\"Welkom - Buro Straf Werk\" \/>\n<meta property=\"og:description\" content=\"Welkom bij Buro Straf Werk Wat is Buro Straf Werk? Buro Straf Werk is een kleinschalig administratie- en boekhoudkantoor geschikt voor hulp en ondersteuning bij de administratie en financi\u00ebn in kleine bedrijven. Het bijhouden van de financi\u00ebn wordt door velen als een lastige taak &#8211; als strafwerk &#8211; ervaren. Organiseren en bijhouden van de administratie&hellip;\" \/>\n<meta property=\"og:url\" content=\"https:\/\/www.burostrafwerk.nl\/\" \/>\n<meta property=\"og:site_name\" content=\"Buro Straf Werk\" \/>\n<meta property=\"article:modified_time\" content=\"2025-08-07T13:26:31+00:00\" \/>\n<meta property=\"og:image\" content=\"https:\/\/www.burostrafwerk.nl\/wp-content\/uploads\/2025\/06\/Q5A9034_cartoon-vierkant.jpg\" \/>\n<meta name=\"twitter:card\" content=\"summary_large_image\" \/>\n<meta name=\"twitter:label1\" content=\"Est. reading time\" \/>\n\t<meta name=\"twitter:data1\" content=\"2 minutes\" \/>\n<script type=\"application\/ld+json\" class=\"yoast-schema-graph\">{\"@context\":\"https:\/\/schema.org\",\"@graph\":[{\"@type\":\"WebPage\",\"@id\":\"https:\/\/www.burostrafwerk.nl\/\",\"url\":\"https:\/\/www.burostrafwerk.nl\/\",\"name\":\"Welkom - Buro Straf Werk\",\"isPartOf\":{\"@id\":\"https:\/\/www.burostrafwerk.nl\/#website\"},\"primaryImageOfPage\":{\"@id\":\"https:\/\/www.burostrafwerk.nl\/#primaryimage\"},\"image\":{\"@id\":\"https:\/\/www.burostrafwerk.nl\/#primaryimage\"},\"thumbnailUrl\":\"https:\/\/www.burostrafwerk.nl\/wp-content\/uploads\/2025\/06\/Q5A9034_cartoon-vierkant.jpg\",\"datePublished\":\"2024-01-01T18:24:24+00:00\",\"dateModified\":\"2025-08-07T13:26:31+00:00\",\"breadcrumb\":{\"@id\":\"https:\/\/www.burostrafwerk.nl\/#breadcrumb\"},\"inLanguage\":\"en-US\",\"potentialAction\":[{\"@type\":\"ReadAction\",\"target\":[\"https:\/\/www.burostrafwerk.nl\/\"]}]},{\"@type\":\"ImageObject\",\"inLanguage\":\"en-US\",\"@id\":\"https:\/\/www.burostrafwerk.nl\/#primaryimage\",\"url\":\"https:\/\/www.burostrafwerk.nl\/wp-content\/uploads\/2025\/06\/Q5A9034_cartoon-vierkant.jpg\",\"contentUrl\":\"https:\/\/www.burostrafwerk.nl\/wp-content\/uploads\/2025\/06\/Q5A9034_cartoon-vierkant.jpg\",\"width\":910,\"height\":910},{\"@type\":\"BreadcrumbList\",\"@id\":\"https:\/\/www.burostrafwerk.nl\/#breadcrumb\",\"itemListElement\":[{\"@type\":\"ListItem\",\"position\":1,\"name\":\"Home\",\"item\":\"https:\/\/www.burostrafwerk.nl\/\"},{\"@type\":\"ListItem\",\"position\":2,\"name\":\"Welkom\"}]},{\"@type\":\"WebSite\",\"@id\":\"https:\/\/www.burostrafwerk.nl\/#website\",\"url\":\"https:\/\/www.burostrafwerk.nl\/\",\"name\":\"Buro Straf Werk\",\"description\":\"Overzicht in je financi\u00ebn .... en spelen\",\"publisher\":{\"@id\":\"https:\/\/www.burostrafwerk.nl\/#organization\"},\"potentialAction\":[{\"@type\":\"SearchAction\",\"target\":{\"@type\":\"EntryPoint\",\"urlTemplate\":\"https:\/\/www.burostrafwerk.nl\/?s={search_term_string}\"},\"query-input\":{\"@type\":\"PropertyValueSpecification\",\"valueRequired\":true,\"valueName\":\"search_term_string\"}}],\"inLanguage\":\"en-US\"},{\"@type\":\"Organization\",\"@id\":\"https:\/\/www.burostrafwerk.nl\/#organization\",\"name\":\"Buro Straf Werk\",\"url\":\"https:\/\/www.burostrafwerk.nl\/\",\"logo\":{\"@type\":\"ImageObject\",\"inLanguage\":\"en-US\",\"@id\":\"https:\/\/www.burostrafwerk.nl\/#\/schema\/logo\/image\/\",\"url\":\"https:\/\/www.burostrafwerk.nl\/wp-content\/uploads\/2024\/01\/Logo-Buro-Straf-Werk-1024x235-1.png\",\"contentUrl\":\"https:\/\/www.burostrafwerk.nl\/wp-content\/uploads\/2024\/01\/Logo-Buro-Straf-Werk-1024x235-1.png\",\"width\":1024,\"height\":235,\"caption\":\"Buro Straf Werk\"},\"image\":{\"@id\":\"https:\/\/www.burostrafwerk.nl\/#\/schema\/logo\/image\/\"}}]}<\/script>\n<!-- \/ Yoast SEO plugin. -->","yoast_head_json":{"title":"Welkom - Buro Straf Werk","robots":{"index":"index","follow":"follow","max-snippet":"max-snippet:-1","max-image-preview":"max-image-preview:large","max-video-preview":"max-video-preview:-1"},"canonical":"https:\/\/www.burostrafwerk.nl\/","og_locale":"en_US","og_type":"article","og_title":"Welkom - Buro Straf Werk","og_description":"Welkom bij Buro Straf Werk Wat is Buro Straf Werk? Buro Straf Werk is een kleinschalig administratie- en boekhoudkantoor geschikt voor hulp en ondersteuning bij de administratie en financi\u00ebn in kleine bedrijven. Het bijhouden van de financi\u00ebn wordt door velen als een lastige taak &#8211; als strafwerk &#8211; ervaren. Organiseren en bijhouden van de administratie&hellip;","og_url":"https:\/\/www.burostrafwerk.nl\/","og_site_name":"Buro Straf Werk","article_modified_time":"2025-08-07T13:26:31+00:00","og_image":[{"url":"https:\/\/www.burostrafwerk.nl\/wp-content\/uploads\/2025\/06\/Q5A9034_cartoon-vierkant.jpg","type":"","width":"","height":""}],"twitter_card":"summary_large_image","twitter_misc":{"Est. reading time":"2 minutes"},"schema":{"@context":"https:\/\/schema.org","@graph":[{"@type":"WebPage","@id":"https:\/\/www.burostrafwerk.nl\/","url":"https:\/\/www.burostrafwerk.nl\/","name":"Welkom - Buro Straf Werk","isPartOf":{"@id":"https:\/\/www.burostrafwerk.nl\/#website"},"primaryImageOfPage":{"@id":"https:\/\/www.burostrafwerk.nl\/#primaryimage"},"image":{"@id":"https:\/\/www.burostrafwerk.nl\/#primaryimage"},"thumbnailUrl":"https:\/\/www.burostrafwerk.nl\/wp-content\/uploads\/2025\/06\/Q5A9034_cartoon-vierkant.jpg","datePublished":"2024-01-01T18:24:24+00:00","dateModified":"2025-08-07T13:26:31+00:00","breadcrumb":{"@id":"https:\/\/www.burostrafwerk.nl\/#breadcrumb"},"inLanguage":"en-US","potentialAction":[{"@type":"ReadAction","target":["https:\/\/www.burostrafwerk.nl\/"]}]},{"@type":"ImageObject","inLanguage":"en-US","@id":"https:\/\/www.burostrafwerk.nl\/#primaryimage","url":"https:\/\/www.burostrafwerk.nl\/wp-content\/uploads\/2025\/06\/Q5A9034_cartoon-vierkant.jpg","contentUrl":"https:\/\/www.burostrafwerk.nl\/wp-content\/uploads\/2025\/06\/Q5A9034_cartoon-vierkant.jpg","width":910,"height":910},{"@type":"BreadcrumbList","@id":"https:\/\/www.burostrafwerk.nl\/#breadcrumb","itemListElement":[{"@type":"ListItem","position":1,"name":"Home","item":"https:\/\/www.burostrafwerk.nl\/"},{"@type":"ListItem","position":2,"name":"Welkom"}]},{"@type":"WebSite","@id":"https:\/\/www.burostrafwerk.nl\/#website","url":"https:\/\/www.burostrafwerk.nl\/","name":"Buro Straf Werk","description":"Overzicht in je financi\u00ebn .... en spelen","publisher":{"@id":"https:\/\/www.burostrafwerk.nl\/#organization"},"potentialAction":[{"@type":"SearchAction","target":{"@type":"EntryPoint","urlTemplate":"https:\/\/www.burostrafwerk.nl\/?s={search_term_string}"},"query-input":{"@type":"PropertyValueSpecification","valueRequired":true,"valueName":"search_term_string"}}],"inLanguage":"en-US"},{"@type":"Organization","@id":"https:\/\/www.burostrafwerk.nl\/#organization","name":"Buro Straf Werk","url":"https:\/\/www.burostrafwerk.nl\/","logo":{"@type":"ImageObject","inLanguage":"en-US","@id":"https:\/\/www.burostrafwerk.nl\/#\/schema\/logo\/image\/","url":"https:\/\/www.burostrafwerk.nl\/wp-content\/uploads\/2024\/01\/Logo-Buro-Straf-Werk-1024x235-1.png","contentUrl":"https:\/\/www.burostrafwerk.nl\/wp-content\/uploads\/2024\/01\/Logo-Buro-Straf-Werk-1024x235-1.png","width":1024,"height":235,"caption":"Buro Straf Werk"},"image":{"@id":"https:\/\/www.burostrafwerk.nl\/#\/schema\/logo\/image\/"}}]}},"_links":{"self":[{"href":"https:\/\/www.burostrafwerk.nl\/index.php?rest_route=\/wp\/v2\/pages\/47","targetHints":{"allow":["GET"]}}],"collection":[{"href":"https:\/\/www.burostrafwerk.nl\/index.php?rest_route=\/wp\/v2\/pages"}],"about":[{"href":"https:\/\/www.burostrafwerk.nl\/index.php?rest_route=\/wp\/v2\/types\/page"}],"author":[{"embeddable":true,"href":"https:\/\/www.burostrafwerk.nl\/index.php?rest_route=\/wp\/v2\/users\/1"}],"replies":[{"embeddable":true,"href":"https:\/\/www.burostrafwerk.nl\/index.php?rest_route=%2Fwp%2Fv2%2Fcomments&post=47"}],"version-history":[{"count":17,"href":"https:\/\/www.burostrafwerk.nl\/index.php?rest_route=\/wp\/v2\/pages\/47\/revisions"}],"predecessor-version":[{"id":128,"href":"https:\/\/www.burostrafwerk.nl\/index.php?rest_route=\/wp\/v2\/pages\/47\/revisions\/128"}],"wp:attachment":[{"href":"https:\/\/www.burostrafwerk.nl\/index.php?rest_route=%2Fwp%2Fv2%2Fmedia&parent=47"}],"curies":[{"name":"wp","href":"https:\/\/api.w.org\/{rel}","templated":true}]}}